{"id":3187,"date":"2020-09-01T14:06:45","date_gmt":"2020-09-01T14:06:45","guid":{"rendered":"http:\/\/nts-industry.com\/?post_type=product&#038;p=3187"},"modified":"2023-09-05T13:11:29","modified_gmt":"2023-09-05T13:11:29","slug":"cnc-frezovaci-centrum-deckel-maho-typ-dmu-60t-cnc","status":"publish","type":"product","link":"https:\/\/nts-industry.com\/ru\/machines\/cnc-frezovaci-centrum-deckel-maho-typ-dmu-60t-cnc\/","title":{"rendered":"CNC fr\u00e9zovac\u00ed centrum DECKEL MAHO typ DMU 60T CNC"},"content":{"rendered":"<p><\/p>\n<p style=\"font-weight: 400;\">CNC fr\u00e9zovac\u00ed centrum DECKEL MAHO typ DMU 60T CNC s\u00a0\u0159\u00edd\u00edc\u00edm syst\u00e9mem Heidenhain TNC 530, rok v\u00fdroby 2005<\/p>\n<p style=\"font-weight: 400;\">&#8212; Up\u00ednac\u00ed plocha stolu : 600&#215;1000 mm<\/p>\n<p style=\"font-weight: 400;\">&#8212; Pojezd osy X : 620 mm<\/p>\n<p style=\"font-weight: 400;\">&#8212; Pojezd osy Y : 560 mm<\/p>\n<p style=\"font-weight: 400;\">&#8212; Pojezd osy Z : 560 mm<\/p>\n<p style=\"font-weight: 400;\">&#8212; Ot\u00e1\u010dky v\u0159etene : 0 &#8212; 12000 \/min<\/p>\n<p style=\"font-weight: 400;\">&#8212; Po\u010det pozic v z\u00e1sobn\u00edku n\u00e1stroj\u016f : 24<\/p>\n<p style=\"font-weight: 400;\">&#8212; Up\u00ednac\u00ed ku\u017eel v\u0159etena : ISO 40<\/p>\n<p style=\"font-weight: 400;\">\n<p><\/p>","protected":false},"excerpt":{"rendered":"<p>CNC fr\u00e9zovac\u00ed centrum DECKEL MAHO typ DMU 60T CNC s\u00a0\u0159\u00edd\u00edc\u00edm syst\u00e9mem Heidenhain TNC 530, rok v\u00fdroby 2005 &#8212; Up\u00ednac\u00ed plocha stolu : 600&#215;1000 mm &#8212; Pojezd osy X : 620 mm &#8212; Pojezd osy Y : 560 mm &#8212; Pojezd osy Z : 560 mm&#8230;<\/p>\n","protected":false},"featured_media":3188,"comment_status":"closed","ping_status":"closed","template":"","meta":[],"product_cat":[1633],"product_tag":[],"yoast_head":"<!-- This site is optimized with the Yoast SEO plugin v17.3 - https:\/\/yoast.com\/wordpress\/plugins\/seo\/ -->\n<title>CNC fr\u00e9zovac\u00ed centrum DECKEL MAHO typ DMU 60T CNC &mdash; New Technical Solutions (NTS)<\/title>\n<meta name=\"description\" content=\"CNC fr\u00e9zovac\u00ed centrum DECKEL MAHO typ DMU 60T CNC\" \/>\n<meta name=\"robots\" content=\"index, follow, max-snippet:-1, max-image-preview:large, max-video-preview:-1\" \/>\n<link rel=\"canonical\" href=\"https:\/\/nts-industry.com\/machines\/cnc-frezovaci-centrum-deckel-maho-typ-dmu-60t-cnc\/\" \/>\n<meta name=\"twitter:card\" content=\"summary\" \/>\n<meta name=\"twitter:title\" content=\"CNC fr\u00e9zovac\u00ed centrum DECKEL MAHO typ DMU 60T CNC &mdash; New Technical Solutions (NTS)\" \/>\n<meta name=\"twitter:description\" content=\"CNC fr\u00e9zovac\u00ed centrum DECKEL MAHO typ DMU 60T CNC\" \/>\n<meta name=\"twitter:image\" content=\"https:\/\/nts-industry.com\/wp-content\/uploads\/Obrabeci-centrum-Vertikalni-DMU-60-T-1-1.jpg\" \/>\n<meta name=\"twitter:site\" content=\"@ntsindustry\" \/>\n<meta name=\"twitter:label1\" content=\"\u041f\u0440\u0438\u043c\u0435\u0440\u043d\u043e\u0435 \u0432\u0440\u0435\u043c\u044f \u0434\u043b\u044f \u0447\u0442\u0435\u043d\u0438\u044f\" \/>\n\t<meta name=\"twitter:data1\" content=\"1 \u043c\u0438\u043d\u0443\u0442\u0430\" \/>\n<script type=\"application\/ld+json\" class=\"yoast-schema-graph\">{\"@context\":\"https:\/\/schema.org\",\"@graph\":[{\"@type\":\"Organization\",\"@id\":\"https:\/\/nts-industry.com\/#organization\",\"name\":\"New Technical Solutions (NTS)\",\"url\":\"https:\/\/nts-industry.com\/\",\"sameAs\":[\"https:\/\/www.facebook.com\/ntsindustry\",\"http:\/\/www.youtube.com\/ntsindustry\",\"https:\/\/twitter.com\/ntsindustry\"],\"logo\":{\"@type\":\"ImageObject\",\"@id\":\"https:\/\/nts-industry.com\/#logo\",\"inLanguage\":\"ru-RU\",\"url\":\"https:\/\/nts-industry.com\/wp-content\/uploads\/weblogo-NTS-quad.png\",\"contentUrl\":\"https:\/\/nts-industry.com\/wp-content\/uploads\/weblogo-NTS-quad.png\",\"width\":270,\"height\":124,\"caption\":\"New Technical Solutions (NTS)\"},\"image\":{\"@id\":\"https:\/\/nts-industry.com\/#logo\"}},{\"@type\":\"WebSite\",\"@id\":\"https:\/\/nts-industry.com\/#website\",\"url\":\"https:\/\/nts-industry.com\/\",\"name\":\"New Technical Solutions (NTS)\",\"description\":\"\",\"publisher\":{\"@id\":\"https:\/\/nts-industry.com\/#organization\"},\"potentialAction\":[{\"@type\":\"SearchAction\",\"target\":{\"@type\":\"EntryPoint\",\"urlTemplate\":\"https:\/\/nts-industry.com\/?s={search_term_string}\"},\"query-input\":\"required name=search_term_string\"}],\"inLanguage\":\"ru-RU\"},{\"@type\":\"ImageObject\",\"@id\":\"https:\/\/nts-industry.com\/machines\/cnc-frezovaci-centrum-deckel-maho-typ-dmu-60t-cnc\/#primaryimage\",\"inLanguage\":\"ru-RU\",\"url\":\"https:\/\/nts-industry.com\/wp-content\/uploads\/Obrabeci-centrum-Vertikalni-DMU-60-T-1-1.jpg\",\"contentUrl\":\"https:\/\/nts-industry.com\/wp-content\/uploads\/Obrabeci-centrum-Vertikalni-DMU-60-T-1-1.jpg\",\"width\":554,\"height\":640},{\"@type\":\"WebPage\",\"@id\":\"https:\/\/nts-industry.com\/machines\/cnc-frezovaci-centrum-deckel-maho-typ-dmu-60t-cnc\/#webpage\",\"url\":\"https:\/\/nts-industry.com\/machines\/cnc-frezovaci-centrum-deckel-maho-typ-dmu-60t-cnc\/\",\"name\":\"CNC fr\\u00e9zovac\\u00ed centrum DECKEL MAHO typ DMU 60T CNC &mdash; New Technical Solutions (NTS)\",\"isPartOf\":{\"@id\":\"https:\/\/nts-industry.com\/#website\"},\"primaryImageOfPage\":{\"@id\":\"https:\/\/nts-industry.com\/machines\/cnc-frezovaci-centrum-deckel-maho-typ-dmu-60t-cnc\/#primaryimage\"},\"datePublished\":\"2020-09-01T14:06:45+00:00\",\"dateModified\":\"2023-09-05T13:11:29+00:00\",\"description\":\"CNC fr\\u00e9zovac\\u00ed centrum DECKEL MAHO typ DMU 60T CNC\",\"breadcrumb\":{\"@id\":\"https:\/\/nts-industry.com\/machines\/cnc-frezovaci-centrum-deckel-maho-typ-dmu-60t-cnc\/#breadcrumb\"},\"inLanguage\":\"ru-RU\",\"potentialAction\":[{\"@type\":\"ReadAction\",\"target\":[\"https:\/\/nts-industry.com\/machines\/cnc-frezovaci-centrum-deckel-maho-typ-dmu-60t-cnc\/\"]}]},{\"@type\":\"BreadcrumbList\",\"@id\":\"https:\/\/nts-industry.com\/machines\/cnc-frezovaci-centrum-deckel-maho-typ-dmu-60t-cnc\/#breadcrumb\",\"itemListElement\":[{\"@type\":\"ListItem\",\"position\":1,\"name\":\"Home\",\"item\":\"https:\/\/nts-industry.com\/\"},{\"@type\":\"ListItem\",\"position\":2,\"name\":\"Machines\",\"item\":\"https:\/\/nts-industry.com\/machines\/\"},{\"@type\":\"ListItem\",\"position\":3,\"name\":\"CNC fr\\u00e9zovac\\u00ed centrum DECKEL MAHO typ DMU 60T CNC\"}]}]}<\/script>\n<!-- \/ Yoast SEO plugin. -->","yoast_head_json":{"title":"CNC fr\u00e9zovac\u00ed centrum DECKEL MAHO typ DMU 60T CNC &mdash; New Technical Solutions (NTS)","description":"CNC fr\u00e9zovac\u00ed centrum DECKEL MAHO typ DMU 60T CNC","robots":{"index":"index","follow":"follow","max-snippet":"max-snippet:-1","max-image-preview":"max-image-preview:large","max-video-preview":"max-video-preview:-1"},"canonical":"https:\/\/nts-industry.com\/machines\/cnc-frezovaci-centrum-deckel-maho-typ-dmu-60t-cnc\/","twitter_card":"summary","twitter_title":"CNC fr\u00e9zovac\u00ed centrum DECKEL MAHO typ DMU 60T CNC &mdash; New Technical Solutions (NTS)","twitter_description":"CNC fr\u00e9zovac\u00ed centrum DECKEL MAHO typ DMU 60T CNC","twitter_image":"https:\/\/nts-industry.com\/wp-content\/uploads\/Obrabeci-centrum-Vertikalni-DMU-60-T-1-1.jpg","twitter_site":"@ntsindustry","twitter_misc":{"\u041f\u0440\u0438\u043c\u0435\u0440\u043d\u043e\u0435 \u0432\u0440\u0435\u043c\u044f \u0434\u043b\u044f \u0447\u0442\u0435\u043d\u0438\u044f":"1 \u043c\u0438\u043d\u0443\u0442\u0430"},"schema":{"@context":"https:\/\/schema.org","@graph":[{"@type":"Organization","@id":"https:\/\/nts-industry.com\/#organization","name":"New Technical Solutions (NTS)","url":"https:\/\/nts-industry.com\/","sameAs":["https:\/\/www.facebook.com\/ntsindustry","http:\/\/www.youtube.com\/ntsindustry","https:\/\/twitter.com\/ntsindustry"],"logo":{"@type":"ImageObject","@id":"https:\/\/nts-industry.com\/#logo","inLanguage":"ru-RU","url":"https:\/\/nts-industry.com\/wp-content\/uploads\/weblogo-NTS-quad.png","contentUrl":"https:\/\/nts-industry.com\/wp-content\/uploads\/weblogo-NTS-quad.png","width":270,"height":124,"caption":"New Technical Solutions (NTS)"},"image":{"@id":"https:\/\/nts-industry.com\/#logo"}},{"@type":"WebSite","@id":"https:\/\/nts-industry.com\/#website","url":"https:\/\/nts-industry.com\/","name":"New Technical Solutions (NTS)","description":"","publisher":{"@id":"https:\/\/nts-industry.com\/#organization"},"potentialAction":[{"@type":"SearchAction","target":{"@type":"EntryPoint","urlTemplate":"https:\/\/nts-industry.com\/?s={search_term_string}"},"query-input":"required name=search_term_string"}],"inLanguage":"ru-RU"},{"@type":"ImageObject","@id":"https:\/\/nts-industry.com\/machines\/cnc-frezovaci-centrum-deckel-maho-typ-dmu-60t-cnc\/#primaryimage","inLanguage":"ru-RU","url":"https:\/\/nts-industry.com\/wp-content\/uploads\/Obrabeci-centrum-Vertikalni-DMU-60-T-1-1.jpg","contentUrl":"https:\/\/nts-industry.com\/wp-content\/uploads\/Obrabeci-centrum-Vertikalni-DMU-60-T-1-1.jpg","width":554,"height":640},{"@type":"WebPage","@id":"https:\/\/nts-industry.com\/machines\/cnc-frezovaci-centrum-deckel-maho-typ-dmu-60t-cnc\/#webpage","url":"https:\/\/nts-industry.com\/machines\/cnc-frezovaci-centrum-deckel-maho-typ-dmu-60t-cnc\/","name":"CNC fr\u00e9zovac\u00ed centrum DECKEL MAHO typ DMU 60T CNC &mdash; New Technical Solutions (NTS)","isPartOf":{"@id":"https:\/\/nts-industry.com\/#website"},"primaryImageOfPage":{"@id":"https:\/\/nts-industry.com\/machines\/cnc-frezovaci-centrum-deckel-maho-typ-dmu-60t-cnc\/#primaryimage"},"datePublished":"2020-09-01T14:06:45+00:00","dateModified":"2023-09-05T13:11:29+00:00","description":"CNC fr\u00e9zovac\u00ed centrum DECKEL MAHO typ DMU 60T CNC","breadcrumb":{"@id":"https:\/\/nts-industry.com\/machines\/cnc-frezovaci-centrum-deckel-maho-typ-dmu-60t-cnc\/#breadcrumb"},"inLanguage":"ru-RU","potentialAction":[{"@type":"ReadAction","target":["https:\/\/nts-industry.com\/machines\/cnc-frezovaci-centrum-deckel-maho-typ-dmu-60t-cnc\/"]}]},{"@type":"BreadcrumbList","@id":"https:\/\/nts-industry.com\/machines\/cnc-frezovaci-centrum-deckel-maho-typ-dmu-60t-cnc\/#breadcrumb","itemListElement":[{"@type":"ListItem","position":1,"name":"Home","item":"https:\/\/nts-industry.com\/"},{"@type":"ListItem","position":2,"name":"Machines","item":"https:\/\/nts-industry.com\/machines\/"},{"@type":"ListItem","position":3,"name":"CNC fr\u00e9zovac\u00ed centrum DECKEL MAHO typ DMU 60T CNC"}]}]}},"_links":{"self":[{"href":"https:\/\/nts-industry.com\/ru\/wp-json\/wp\/v2\/product\/3187"}],"collection":[{"href":"https:\/\/nts-industry.com\/ru\/wp-json\/wp\/v2\/product"}],"about":[{"href":"https:\/\/nts-industry.com\/ru\/wp-json\/wp\/v2\/types\/product"}],"replies":[{"embeddable":true,"href":"https:\/\/nts-industry.com\/ru\/wp-json\/wp\/v2\/comments?post=3187"}],"wp:featuredmedia":[{"embeddable":true,"href":"https:\/\/nts-industry.com\/ru\/wp-json\/wp\/v2\/media\/3188"}],"wp:attachment":[{"href":"https:\/\/nts-industry.com\/ru\/wp-json\/wp\/v2\/media?parent=3187"}],"wp:term":[{"taxonomy":"product_cat","embeddable":true,"href":"https:\/\/nts-industry.com\/ru\/wp-json\/wp\/v2\/product_cat?post=3187"},{"taxonomy":"product_tag","embeddable":true,"href":"https:\/\/nts-industry.com\/ru\/wp-json\/wp\/v2\/product_tag?post=3187"}],"curies":[{"name":"wp","href":"https:\/\/api.w.org\/{rel}","templated":true}]}}