{"id":2853,"date":"2019-01-17T08:40:15","date_gmt":"2019-01-17T08:40:15","guid":{"rendered":"http:\/\/nts-industry.com\/?post_type=product&#038;p=2853"},"modified":"2019-09-12T15:05:58","modified_gmt":"2019-09-12T15:05:58","slug":"guillotine-shears-trumpf-trushear-3103","status":"publish","type":"product","link":"https:\/\/nts-industry.com\/ru\/machines\/guillotine-shears-trumpf-trushear-3103\/","title":{"rendered":"\u0413\u0438\u043b\u044c\u043e\u0442\u0438\u043d\u043d\u044b\u0435 \u043d\u043e\u0436\u043d\u0438\u0446\u044b Trumpf TruShear 3103"},"content":{"rendered":"<p>Trumpf TruShear 3103<br \/>\n\u0413\u043e\u0434 \u0432\u044b\u043f\u0443\u0441\u043a\u0430 2013 (\u0437\u0430\u043f\u0443\u0441\u043a 2014)<\/p>","protected":false},"excerpt":{"rendered":"<p>Trumpf TruShear 3103 \u0413\u043e\u0434 \u0432\u044b\u043f\u0443\u0441\u043a\u0430 2013 (\u0437\u0430\u043f\u0443\u0441\u043a 2014)<\/p>\n","protected":false},"featured_media":2856,"comment_status":"closed","ping_status":"closed","template":"","meta":[],"product_cat":[1633],"product_tag":[],"yoast_head":"<!-- This site is optimized with the Yoast SEO plugin v17.3 - https:\/\/yoast.com\/wordpress\/plugins\/seo\/ -->\n<title>\u0413\u0438\u043b\u044c\u043e\u0442\u0438\u043d\u043d\u044b\u0435 \u043d\u043e\u0436\u043d\u0438\u0446\u044b Trumpf TruShear 3103 &mdash; New Technical Solutions (NTS)<\/title>\n<meta name=\"description\" content=\"[:cz]TABULOV\u00c9 N\u016e\u017dKY Trumpf TruShear 3103[:ru]\u0413\u0438\u043b\u044c\u043e\u0442\u0438\u043d\u043d\u044b\u0435 \u043d\u043e\u0436\u043d\u0438\u0446\u044b Trumpf TruShear 3103[:en]Guillotine shears Trumpf TruShear 3103[:]\" \/>\n<meta name=\"robots\" content=\"index, follow, max-snippet:-1, max-image-preview:large, max-video-preview:-1\" \/>\n<link rel=\"canonical\" href=\"https:\/\/nts-industry.com\/cz\/machines\/guillotine-shears-trumpf-trushear-3103\/\" \/>\n<meta name=\"twitter:card\" content=\"summary\" \/>\n<meta name=\"twitter:title\" content=\"[:cz]TABULOV\u00c9 N\u016e\u017dKY Trumpf TruShear 3103[:ru]\u0413\u0438\u043b\u044c\u043e\u0442\u0438\u043d\u043d\u044b\u0435 \u043d\u043e\u0436\u043d\u0438\u0446\u044b Trumpf TruShear 3103[:en]Guillotine shears Trumpf TruShear 3103[:] &mdash; New Technical Solutions (NTS)\" \/>\n<meta name=\"twitter:description\" content=\"[:cz]TABULOV\u00c9 N\u016e\u017dKY Trumpf TruShear 3103[:ru]\u0413\u0438\u043b\u044c\u043e\u0442\u0438\u043d\u043d\u044b\u0435 \u043d\u043e\u0436\u043d\u0438\u0446\u044b Trumpf TruShear 3103[:en]Guillotine shears Trumpf TruShear 3103[:]\" \/>\n<meta name=\"twitter:image\" content=\"https:\/\/nts-industry.com\/wp-content\/uploads\/TruShears-3103-2013-1.jpeg\" \/>\n<meta name=\"twitter:site\" content=\"@ntsindustry\" \/>\n<script type=\"application\/ld+json\" class=\"yoast-schema-graph\">{\"@context\":\"https:\/\/schema.org\",\"@graph\":[{\"@type\":\"Organization\",\"@id\":\"https:\/\/nts-industry.com\/#organization\",\"name\":\"New Technical Solutions (NTS)\",\"url\":\"https:\/\/nts-industry.com\/\",\"sameAs\":[\"https:\/\/www.facebook.com\/ntsindustry\",\"http:\/\/www.youtube.com\/ntsindustry\",\"https:\/\/twitter.com\/ntsindustry\"],\"logo\":{\"@type\":\"ImageObject\",\"@id\":\"https:\/\/nts-industry.com\/#logo\",\"inLanguage\":\"ru-RU\",\"url\":\"https:\/\/nts-industry.com\/wp-content\/uploads\/weblogo-NTS-quad.png\",\"contentUrl\":\"https:\/\/nts-industry.com\/wp-content\/uploads\/weblogo-NTS-quad.png\",\"width\":270,\"height\":124,\"caption\":\"New Technical Solutions (NTS)\"},\"image\":{\"@id\":\"https:\/\/nts-industry.com\/#logo\"}},{\"@type\":\"WebSite\",\"@id\":\"https:\/\/nts-industry.com\/#website\",\"url\":\"https:\/\/nts-industry.com\/\",\"name\":\"New Technical Solutions (NTS)\",\"description\":\"\",\"publisher\":{\"@id\":\"https:\/\/nts-industry.com\/#organization\"},\"potentialAction\":[{\"@type\":\"SearchAction\",\"target\":{\"@type\":\"EntryPoint\",\"urlTemplate\":\"https:\/\/nts-industry.com\/?s={search_term_string}\"},\"query-input\":\"required name=search_term_string\"}],\"inLanguage\":\"ru-RU\"},{\"@type\":\"ImageObject\",\"@id\":\"https:\/\/nts-industry.com\/cz\/machines\/guillotine-shears-trumpf-trushear-3103\/#primaryimage\",\"inLanguage\":\"ru-RU\",\"url\":\"https:\/\/nts-industry.com\/wp-content\/uploads\/TruShears-3103-2013-1.jpeg\",\"contentUrl\":\"https:\/\/nts-industry.com\/wp-content\/uploads\/TruShears-3103-2013-1.jpeg\",\"width\":2500,\"height\":1875},{\"@type\":\"WebPage\",\"@id\":\"https:\/\/nts-industry.com\/cz\/machines\/guillotine-shears-trumpf-trushear-3103\/#webpage\",\"url\":\"https:\/\/nts-industry.com\/cz\/machines\/guillotine-shears-trumpf-trushear-3103\/\",\"name\":\"[:cz]TABULOV\\u00c9 N\\u016e\\u017dKY Trumpf TruShear 3103[:ru]\\u0413\\u0438\\u043b\\u044c\\u043e\\u0442\\u0438\\u043d\\u043d\\u044b\\u0435 \\u043d\\u043e\\u0436\\u043d\\u0438\\u0446\\u044b Trumpf TruShear 3103[:en]Guillotine shears Trumpf TruShear 3103[:] &mdash; New Technical Solutions (NTS)\",\"isPartOf\":{\"@id\":\"https:\/\/nts-industry.com\/#website\"},\"primaryImageOfPage\":{\"@id\":\"https:\/\/nts-industry.com\/cz\/machines\/guillotine-shears-trumpf-trushear-3103\/#primaryimage\"},\"datePublished\":\"2019-01-17T08:40:15+00:00\",\"dateModified\":\"2019-09-12T15:05:58+00:00\",\"description\":\"[:cz]TABULOV\\u00c9 N\\u016e\\u017dKY Trumpf TruShear 3103[:ru]\\u0413\\u0438\\u043b\\u044c\\u043e\\u0442\\u0438\\u043d\\u043d\\u044b\\u0435 \\u043d\\u043e\\u0436\\u043d\\u0438\\u0446\\u044b Trumpf TruShear 3103[:en]Guillotine shears Trumpf TruShear 3103[:]\",\"breadcrumb\":{\"@id\":\"https:\/\/nts-industry.com\/cz\/machines\/guillotine-shears-trumpf-trushear-3103\/#breadcrumb\"},\"inLanguage\":\"ru-RU\",\"potentialAction\":[{\"@type\":\"ReadAction\",\"target\":[\"https:\/\/nts-industry.com\/cz\/machines\/guillotine-shears-trumpf-trushear-3103\/\"]}]},{\"@type\":\"BreadcrumbList\",\"@id\":\"https:\/\/nts-industry.com\/cz\/machines\/guillotine-shears-trumpf-trushear-3103\/#breadcrumb\",\"itemListElement\":[{\"@type\":\"ListItem\",\"position\":1,\"name\":\"Home\",\"item\":\"https:\/\/nts-industry.com\/\"},{\"@type\":\"ListItem\",\"position\":2,\"name\":\"Machines\",\"item\":\"https:\/\/nts-industry.com\/machines\/\"},{\"@type\":\"ListItem\",\"position\":3,\"name\":\"\\u0413\\u0438\\u043b\\u044c\\u043e\\u0442\\u0438\\u043d\\u043d\\u044b\\u0435 \\u043d\\u043e\\u0436\\u043d\\u0438\\u0446\\u044b Trumpf TruShear 3103\"}]}]}<\/script>\n<!-- \/ Yoast SEO plugin. -->","yoast_head_json":{"title":"[:cz]TABULOV\u00c9 N\u016e\u017dKY Trumpf TruShear 3103[:ru]\u0413\u0438\u043b\u044c\u043e\u0442\u0438\u043d\u043d\u044b\u0435 \u043d\u043e\u0436\u043d\u0438\u0446\u044b Trumpf TruShear 3103[:en]Guillotine shears Trumpf TruShear 3103[:] &mdash; New Technical Solutions (NTS)","description":"[:cz]TABULOV\u00c9 N\u016e\u017dKY Trumpf TruShear 3103[:ru]\u0413\u0438\u043b\u044c\u043e\u0442\u0438\u043d\u043d\u044b\u0435 \u043d\u043e\u0436\u043d\u0438\u0446\u044b Trumpf TruShear 3103[:en]Guillotine shears Trumpf TruShear 3103[:]","robots":{"index":"index","follow":"follow","max-snippet":"max-snippet:-1","max-image-preview":"max-image-preview:large","max-video-preview":"max-video-preview:-1"},"canonical":"https:\/\/nts-industry.com\/cz\/machines\/guillotine-shears-trumpf-trushear-3103\/","twitter_card":"summary","twitter_title":"[:cz]TABULOV\u00c9 N\u016e\u017dKY Trumpf TruShear 3103[:ru]\u0413\u0438\u043b\u044c\u043e\u0442\u0438\u043d\u043d\u044b\u0435 \u043d\u043e\u0436\u043d\u0438\u0446\u044b Trumpf TruShear 3103[:en]Guillotine shears Trumpf TruShear 3103[:] &mdash; New Technical Solutions (NTS)","twitter_description":"[:cz]TABULOV\u00c9 N\u016e\u017dKY Trumpf TruShear 3103[:ru]\u0413\u0438\u043b\u044c\u043e\u0442\u0438\u043d\u043d\u044b\u0435 \u043d\u043e\u0436\u043d\u0438\u0446\u044b Trumpf TruShear 3103[:en]Guillotine shears Trumpf TruShear 3103[:]","twitter_image":"https:\/\/nts-industry.com\/wp-content\/uploads\/TruShears-3103-2013-1.jpeg","twitter_site":"@ntsindustry","schema":{"@context":"https:\/\/schema.org","@graph":[{"@type":"Organization","@id":"https:\/\/nts-industry.com\/#organization","name":"New Technical Solutions (NTS)","url":"https:\/\/nts-industry.com\/","sameAs":["https:\/\/www.facebook.com\/ntsindustry","http:\/\/www.youtube.com\/ntsindustry","https:\/\/twitter.com\/ntsindustry"],"logo":{"@type":"ImageObject","@id":"https:\/\/nts-industry.com\/#logo","inLanguage":"ru-RU","url":"https:\/\/nts-industry.com\/wp-content\/uploads\/weblogo-NTS-quad.png","contentUrl":"https:\/\/nts-industry.com\/wp-content\/uploads\/weblogo-NTS-quad.png","width":270,"height":124,"caption":"New Technical Solutions (NTS)"},"image":{"@id":"https:\/\/nts-industry.com\/#logo"}},{"@type":"WebSite","@id":"https:\/\/nts-industry.com\/#website","url":"https:\/\/nts-industry.com\/","name":"New Technical Solutions (NTS)","description":"","publisher":{"@id":"https:\/\/nts-industry.com\/#organization"},"potentialAction":[{"@type":"SearchAction","target":{"@type":"EntryPoint","urlTemplate":"https:\/\/nts-industry.com\/?s={search_term_string}"},"query-input":"required name=search_term_string"}],"inLanguage":"ru-RU"},{"@type":"ImageObject","@id":"https:\/\/nts-industry.com\/cz\/machines\/guillotine-shears-trumpf-trushear-3103\/#primaryimage","inLanguage":"ru-RU","url":"https:\/\/nts-industry.com\/wp-content\/uploads\/TruShears-3103-2013-1.jpeg","contentUrl":"https:\/\/nts-industry.com\/wp-content\/uploads\/TruShears-3103-2013-1.jpeg","width":2500,"height":1875},{"@type":"WebPage","@id":"https:\/\/nts-industry.com\/cz\/machines\/guillotine-shears-trumpf-trushear-3103\/#webpage","url":"https:\/\/nts-industry.com\/cz\/machines\/guillotine-shears-trumpf-trushear-3103\/","name":"[:cz]TABULOV\u00c9 N\u016e\u017dKY Trumpf TruShear 3103[:ru]\u0413\u0438\u043b\u044c\u043e\u0442\u0438\u043d\u043d\u044b\u0435 \u043d\u043e\u0436\u043d\u0438\u0446\u044b Trumpf TruShear 3103[:en]Guillotine shears Trumpf TruShear 3103[:] &mdash; New Technical Solutions (NTS)","isPartOf":{"@id":"https:\/\/nts-industry.com\/#website"},"primaryImageOfPage":{"@id":"https:\/\/nts-industry.com\/cz\/machines\/guillotine-shears-trumpf-trushear-3103\/#primaryimage"},"datePublished":"2019-01-17T08:40:15+00:00","dateModified":"2019-09-12T15:05:58+00:00","description":"[:cz]TABULOV\u00c9 N\u016e\u017dKY Trumpf TruShear 3103[:ru]\u0413\u0438\u043b\u044c\u043e\u0442\u0438\u043d\u043d\u044b\u0435 \u043d\u043e\u0436\u043d\u0438\u0446\u044b Trumpf TruShear 3103[:en]Guillotine shears Trumpf TruShear 3103[:]","breadcrumb":{"@id":"https:\/\/nts-industry.com\/cz\/machines\/guillotine-shears-trumpf-trushear-3103\/#breadcrumb"},"inLanguage":"ru-RU","potentialAction":[{"@type":"ReadAction","target":["https:\/\/nts-industry.com\/cz\/machines\/guillotine-shears-trumpf-trushear-3103\/"]}]},{"@type":"BreadcrumbList","@id":"https:\/\/nts-industry.com\/cz\/machines\/guillotine-shears-trumpf-trushear-3103\/#breadcrumb","itemListElement":[{"@type":"ListItem","position":1,"name":"Home","item":"https:\/\/nts-industry.com\/"},{"@type":"ListItem","position":2,"name":"Machines","item":"https:\/\/nts-industry.com\/machines\/"},{"@type":"ListItem","position":3,"name":"\u0413\u0438\u043b\u044c\u043e\u0442\u0438\u043d\u043d\u044b\u0435 \u043d\u043e\u0436\u043d\u0438\u0446\u044b Trumpf TruShear 3103"}]}]}},"_links":{"self":[{"href":"https:\/\/nts-industry.com\/ru\/wp-json\/wp\/v2\/product\/2853"}],"collection":[{"href":"https:\/\/nts-industry.com\/ru\/wp-json\/wp\/v2\/product"}],"about":[{"href":"https:\/\/nts-industry.com\/ru\/wp-json\/wp\/v2\/types\/product"}],"replies":[{"embeddable":true,"href":"https:\/\/nts-industry.com\/ru\/wp-json\/wp\/v2\/comments?post=2853"}],"wp:featuredmedia":[{"embeddable":true,"href":"https:\/\/nts-industry.com\/ru\/wp-json\/wp\/v2\/media\/2856"}],"wp:attachment":[{"href":"https:\/\/nts-industry.com\/ru\/wp-json\/wp\/v2\/media?parent=2853"}],"wp:term":[{"taxonomy":"product_cat","embeddable":true,"href":"https:\/\/nts-industry.com\/ru\/wp-json\/wp\/v2\/product_cat?post=2853"},{"taxonomy":"product_tag","embeddable":true,"href":"https:\/\/nts-industry.com\/ru\/wp-json\/wp\/v2\/product_tag?post=2853"}],"curies":[{"name":"wp","href":"https:\/\/api.w.org\/{rel}","templated":true}]}}