{"id":3713,"date":"2025-06-02T07:12:20","date_gmt":"2025-06-02T07:12:20","guid":{"rendered":"https:\/\/nts-industry.com\/?post_type=product&#038;p=3713"},"modified":"2025-06-02T07:28:58","modified_gmt":"2025-06-02T07:28:58","slug":"band-saw-blades-bx-tool-bi-metal-and-carbide","status":"publish","type":"product","link":"https:\/\/nts-industry.com\/cz\/machines\/band-saw-blades-bx-tool-bi-metal-and-carbide\/","title":{"rendered":"Pilov\u00e9 p\u00e1sy na kov BX Tool \u2013 bimetalov\u00e9 a karbidov\u00e9"},"content":{"rendered":"<p>Nab\u00edz\u00edme pilov\u00e9 p\u00e1sy na kov ve svitc\u00edch v\u00fdrobce BENXI TOOL CO., Ltd.(\u010cina)<br \/>\nFirma Benxi byla zalo\u017eena v roce 1953 a v sou\u010dasnosti je nejv\u011bt\u0161\u00edm v\u00fdrobcem bimetalov\u00fdch pilov\u00fdch p\u00e1s\u016f v Asii.<br \/>\nPou\u017e\u00edv\u00e1 v\u00fdhradn\u011b evropsk\u00e9 a japonsk\u00e9 vybaven\u00ed, a zaru\u010duje tak vysokou kvalitu v\u00fdroby (pou\u017e\u00edv\u00e1 se rakousk\u00e1 ocel), co\u017e potvrzuje i certifik\u00e1t syst\u00e9mu \u0159\u00edzen\u00ed jakosti ISO 9001.<br \/>\nV\u0161e skladem. Cena je uvedena v\u00a0eurech\u00a0za\u00a0metr.<\/p>\n<p>1. BX TOOL M42-C 19&#215;0,9\u04458\/12 N\/NT 2.26 Eur<br \/>\n2 BX TOOL M42-C 19&#215;0,9\u044510\/14 N\/NT 2.26<br \/>\n3 BX TOOL M42-C 19&#215;0,9\u044514 N\/NT 2.26<br \/>\n4 BX TOOL M42-C 27&#215;0,9\u04453\/4 NR\/NT 2.35<br \/>\n5 BX TOOL M42-C 27&#215;0,9\u04454\/6 NR\/NT 2.35<br \/>\n6 BX TOOL M42-C 27&#215;0,9\u04455\/8 NR\/NT 2.35<br \/>\n7 BX TOOL M42-C 27&#215;0,9\u04456\/10 NR\/NT 2.35<br \/>\n8 BX TOOL \u041c42-C 27&#215;0,9\u04458\/12 N\/NT 2.35<br \/>\n9 BX TOOL \u041c42-C 27&#215;0,9\u044510\/14 N\/NT 2.35<br \/>\n10 BX TOOL \u041c42-C 34&#215;1,1\u04452\/3 NR\/NT 3.16<br \/>\n11 BX TOOL \u041c42-C 34&#215;1,1\u04453\/4 NR\/NT 3.16<br \/>\n12 BX TOOL M42-C 34&#215;1,1\u04454\/6 NR\/NT 3.16<br \/>\n13 BX TOOL M42-C 34&#215;1,1\u04455\/8 NR\/NT 3.16<br \/>\n14 BX TOOL M42-C 34&#215;1,1\u04456\/10 N\/NT 3.16<br \/>\n15 BX TOOL M51 27&#215;0,9\u04452\/3 NR\/NT 3.82<br \/>\n16 BX TOOL M51 27&#215;0,9\u04453\/4 NR\/NT 3.82<br \/>\n17 BX TOOL M51 27&#215;0,9\u04454\/6 N\/NT 3.82<br \/>\n18 BX TOOL M51 27&#215;0,9\u04455\/8 N\/NT 3.82<br \/>\n19 BX TOOL M51 34&#215;1,1\u04452\/3 NR\/NT 4.74<br \/>\n20 BX TOOL M51 34&#215;1,1\u04453\/4 NR\/NT 4.74<br \/>\n21 BX TOOL M51 34&#215;1,1\u04454\/6 NR\/NT 4.74<br \/>\n23 \u0421\u0422 Carbide No set teeth 27&#215;0,9&#215;3\/4 20.7<br \/>\n24 \u0421\u0422 Carbide No set teeth 34&#215;1,1&#215;2\/3 20.9<br \/>\n25 \u0421\u0422 Carbide No set teeth\u00a034&#215;1,1&#215;3\/4\u00a021.6<\/p>","protected":false},"excerpt":{"rendered":"<p>Nab\u00edz\u00edme pilov\u00e9 p\u00e1sy na kov ve svitc\u00edch v\u00fdrobce BENXI TOOL CO., Ltd.(\u010cina) Firma Benxi byla zalo\u017eena v roce 1953 a v sou\u010dasnosti je nejv\u011bt\u0161\u00edm v\u00fdrobcem bimetalov\u00fdch pilov\u00fdch p\u00e1s\u016f v Asii. Pou\u017e\u00edv\u00e1 v\u00fdhradn\u011b evropsk\u00e9 a japonsk\u00e9 vybaven\u00ed, a zaru\u010duje tak vysokou kvalitu v\u00fdroby (pou\u017e\u00edv\u00e1 se rakousk\u00e1&#8230;<\/p>\n","protected":false},"featured_media":3714,"comment_status":"closed","ping_status":"closed","template":"","meta":[],"product_cat":[1633],"product_tag":[],"yoast_head":"<!-- This site is optimized with the Yoast SEO plugin v17.3 - https:\/\/yoast.com\/wordpress\/plugins\/seo\/ -->\n<title>Pilov\u00e9 p\u00e1sy na kov BX Tool \u2013 bimetalov\u00e9 a karbidov\u00e9 &mdash; New Technical Solutions (NTS)<\/title>\n<meta name=\"description\" content=\"[:cz]Pilov\u00e9 p\u00e1sy na kov BX Tool \u2013 bimetalov\u00e9 a karbidov\u00e9[:ru]Band saw blades BX Tool bi-metal and carbide[:en]Band saw blades BX Tool bi-metal and carbide[:]\" \/>\n<meta name=\"robots\" content=\"index, follow, max-snippet:-1, max-image-preview:large, max-video-preview:-1\" \/>\n<link rel=\"canonical\" href=\"https:\/\/nts-industry.com\/machines\/band-saw-blades-bx-tool-bi-metal-and-carbide\/\" \/>\n<meta name=\"twitter:card\" content=\"summary\" \/>\n<meta name=\"twitter:title\" content=\"[:cz]Pilov\u00e9 p\u00e1sy na kov BX Tool \u2013 bimetalov\u00e9 a karbidov\u00e9[:ru]Band saw blades BX Tool bi-metal and carbide[:en]Band saw blades BX Tool bi-metal and carbide[:] &mdash; New Technical Solutions (NTS)\" \/>\n<meta name=\"twitter:description\" content=\"[:cz]Pilov\u00e9 p\u00e1sy na kov BX Tool \u2013 bimetalov\u00e9 a karbidov\u00e9[:ru]Band saw blades BX Tool bi-metal and carbide[:en]Band saw blades BX Tool bi-metal and carbide[:]\" \/>\n<meta name=\"twitter:image\" content=\"https:\/\/nts-industry.com\/wp-content\/uploads\/198466867n.jpg\" \/>\n<meta name=\"twitter:site\" content=\"@ntsindustry\" \/>\n<meta name=\"twitter:label1\" content=\"Est. reading time\" \/>\n\t<meta name=\"twitter:data1\" content=\"2 minutes\" \/>\n<script type=\"application\/ld+json\" class=\"yoast-schema-graph\">{\"@context\":\"https:\/\/schema.org\",\"@graph\":[{\"@type\":\"Organization\",\"@id\":\"https:\/\/nts-industry.com\/#organization\",\"name\":\"New Technical Solutions (NTS)\",\"url\":\"https:\/\/nts-industry.com\/\",\"sameAs\":[\"https:\/\/www.facebook.com\/ntsindustry\",\"http:\/\/www.youtube.com\/ntsindustry\",\"https:\/\/twitter.com\/ntsindustry\"],\"logo\":{\"@type\":\"ImageObject\",\"@id\":\"https:\/\/nts-industry.com\/#logo\",\"inLanguage\":\"cs-CS\",\"url\":\"https:\/\/nts-industry.com\/wp-content\/uploads\/weblogo-NTS-quad.png\",\"contentUrl\":\"https:\/\/nts-industry.com\/wp-content\/uploads\/weblogo-NTS-quad.png\",\"width\":270,\"height\":124,\"caption\":\"New Technical Solutions (NTS)\"},\"image\":{\"@id\":\"https:\/\/nts-industry.com\/#logo\"}},{\"@type\":\"WebSite\",\"@id\":\"https:\/\/nts-industry.com\/#website\",\"url\":\"https:\/\/nts-industry.com\/\",\"name\":\"New Technical Solutions (NTS)\",\"description\":\"\",\"publisher\":{\"@id\":\"https:\/\/nts-industry.com\/#organization\"},\"potentialAction\":[{\"@type\":\"SearchAction\",\"target\":{\"@type\":\"EntryPoint\",\"urlTemplate\":\"https:\/\/nts-industry.com\/?s={search_term_string}\"},\"query-input\":\"required name=search_term_string\"}],\"inLanguage\":\"cs-CS\"},{\"@type\":\"ImageObject\",\"@id\":\"https:\/\/nts-industry.com\/machines\/band-saw-blades-bx-tool-bi-metal-and-carbide\/#primaryimage\",\"inLanguage\":\"cs-CS\",\"url\":\"https:\/\/nts-industry.com\/wp-content\/uploads\/198466867n.jpg\",\"contentUrl\":\"https:\/\/nts-industry.com\/wp-content\/uploads\/198466867n.jpg\",\"width\":1200,\"height\":851,\"caption\":\"Band saw blades\"},{\"@type\":\"WebPage\",\"@id\":\"https:\/\/nts-industry.com\/machines\/band-saw-blades-bx-tool-bi-metal-and-carbide\/#webpage\",\"url\":\"https:\/\/nts-industry.com\/machines\/band-saw-blades-bx-tool-bi-metal-and-carbide\/\",\"name\":\"[:cz]Pilov\\u00e9 p\\u00e1sy na kov BX Tool \\u2013 bimetalov\\u00e9 a karbidov\\u00e9[:ru]Band saw blades BX Tool bi-metal and carbide[:en]Band saw blades BX Tool bi-metal and carbide[:] &mdash; New Technical Solutions (NTS)\",\"isPartOf\":{\"@id\":\"https:\/\/nts-industry.com\/#website\"},\"primaryImageOfPage\":{\"@id\":\"https:\/\/nts-industry.com\/machines\/band-saw-blades-bx-tool-bi-metal-and-carbide\/#primaryimage\"},\"datePublished\":\"2025-06-02T07:12:20+00:00\",\"dateModified\":\"2025-06-02T07:28:58+00:00\",\"description\":\"[:cz]Pilov\\u00e9 p\\u00e1sy na kov BX Tool \\u2013 bimetalov\\u00e9 a karbidov\\u00e9[:ru]Band saw blades BX Tool bi-metal and carbide[:en]Band saw blades BX Tool bi-metal and carbide[:]\",\"breadcrumb\":{\"@id\":\"https:\/\/nts-industry.com\/machines\/band-saw-blades-bx-tool-bi-metal-and-carbide\/#breadcrumb\"},\"inLanguage\":\"cs-CS\",\"potentialAction\":[{\"@type\":\"ReadAction\",\"target\":[\"https:\/\/nts-industry.com\/machines\/band-saw-blades-bx-tool-bi-metal-and-carbide\/\"]}]},{\"@type\":\"BreadcrumbList\",\"@id\":\"https:\/\/nts-industry.com\/machines\/band-saw-blades-bx-tool-bi-metal-and-carbide\/#breadcrumb\",\"itemListElement\":[{\"@type\":\"ListItem\",\"position\":1,\"name\":\"Home\",\"item\":\"https:\/\/nts-industry.com\/\"},{\"@type\":\"ListItem\",\"position\":2,\"name\":\"Machines\",\"item\":\"https:\/\/nts-industry.com\/machines\/\"},{\"@type\":\"ListItem\",\"position\":3,\"name\":\"Band saw blades BX Tool bi-metal and carbide\"}]}]}<\/script>\n<!-- \/ Yoast SEO plugin. -->","yoast_head_json":{"title":"[:cz]Pilov\u00e9 p\u00e1sy na kov BX Tool \u2013 bimetalov\u00e9 a karbidov\u00e9[:ru]Band saw blades BX Tool bi-metal and carbide[:en]Band saw blades BX Tool bi-metal and carbide[:] &mdash; New Technical Solutions (NTS)","description":"[:cz]Pilov\u00e9 p\u00e1sy na kov BX Tool \u2013 bimetalov\u00e9 a karbidov\u00e9[:ru]Band saw blades BX Tool bi-metal and carbide[:en]Band saw blades BX Tool bi-metal and carbide[:]","robots":{"index":"index","follow":"follow","max-snippet":"max-snippet:-1","max-image-preview":"max-image-preview:large","max-video-preview":"max-video-preview:-1"},"canonical":"https:\/\/nts-industry.com\/machines\/band-saw-blades-bx-tool-bi-metal-and-carbide\/","twitter_card":"summary","twitter_title":"[:cz]Pilov\u00e9 p\u00e1sy na kov BX Tool \u2013 bimetalov\u00e9 a karbidov\u00e9[:ru]Band saw blades BX Tool bi-metal and carbide[:en]Band saw blades BX Tool bi-metal and carbide[:] &mdash; New Technical Solutions (NTS)","twitter_description":"[:cz]Pilov\u00e9 p\u00e1sy na kov BX Tool \u2013 bimetalov\u00e9 a karbidov\u00e9[:ru]Band saw blades BX Tool bi-metal and carbide[:en]Band saw blades BX Tool bi-metal and carbide[:]","twitter_image":"https:\/\/nts-industry.com\/wp-content\/uploads\/198466867n.jpg","twitter_site":"@ntsindustry","twitter_misc":{"Est. reading time":"2 minutes"},"schema":{"@context":"https:\/\/schema.org","@graph":[{"@type":"Organization","@id":"https:\/\/nts-industry.com\/#organization","name":"New Technical Solutions (NTS)","url":"https:\/\/nts-industry.com\/","sameAs":["https:\/\/www.facebook.com\/ntsindustry","http:\/\/www.youtube.com\/ntsindustry","https:\/\/twitter.com\/ntsindustry"],"logo":{"@type":"ImageObject","@id":"https:\/\/nts-industry.com\/#logo","inLanguage":"cs-CS","url":"https:\/\/nts-industry.com\/wp-content\/uploads\/weblogo-NTS-quad.png","contentUrl":"https:\/\/nts-industry.com\/wp-content\/uploads\/weblogo-NTS-quad.png","width":270,"height":124,"caption":"New Technical Solutions (NTS)"},"image":{"@id":"https:\/\/nts-industry.com\/#logo"}},{"@type":"WebSite","@id":"https:\/\/nts-industry.com\/#website","url":"https:\/\/nts-industry.com\/","name":"New Technical Solutions (NTS)","description":"","publisher":{"@id":"https:\/\/nts-industry.com\/#organization"},"potentialAction":[{"@type":"SearchAction","target":{"@type":"EntryPoint","urlTemplate":"https:\/\/nts-industry.com\/?s={search_term_string}"},"query-input":"required name=search_term_string"}],"inLanguage":"cs-CS"},{"@type":"ImageObject","@id":"https:\/\/nts-industry.com\/machines\/band-saw-blades-bx-tool-bi-metal-and-carbide\/#primaryimage","inLanguage":"cs-CS","url":"https:\/\/nts-industry.com\/wp-content\/uploads\/198466867n.jpg","contentUrl":"https:\/\/nts-industry.com\/wp-content\/uploads\/198466867n.jpg","width":1200,"height":851,"caption":"Band saw blades"},{"@type":"WebPage","@id":"https:\/\/nts-industry.com\/machines\/band-saw-blades-bx-tool-bi-metal-and-carbide\/#webpage","url":"https:\/\/nts-industry.com\/machines\/band-saw-blades-bx-tool-bi-metal-and-carbide\/","name":"[:cz]Pilov\u00e9 p\u00e1sy na kov BX Tool \u2013 bimetalov\u00e9 a karbidov\u00e9[:ru]Band saw blades BX Tool bi-metal and carbide[:en]Band saw blades BX Tool bi-metal and carbide[:] &mdash; New Technical Solutions (NTS)","isPartOf":{"@id":"https:\/\/nts-industry.com\/#website"},"primaryImageOfPage":{"@id":"https:\/\/nts-industry.com\/machines\/band-saw-blades-bx-tool-bi-metal-and-carbide\/#primaryimage"},"datePublished":"2025-06-02T07:12:20+00:00","dateModified":"2025-06-02T07:28:58+00:00","description":"[:cz]Pilov\u00e9 p\u00e1sy na kov BX Tool \u2013 bimetalov\u00e9 a karbidov\u00e9[:ru]Band saw blades BX Tool bi-metal and carbide[:en]Band saw blades BX Tool bi-metal and carbide[:]","breadcrumb":{"@id":"https:\/\/nts-industry.com\/machines\/band-saw-blades-bx-tool-bi-metal-and-carbide\/#breadcrumb"},"inLanguage":"cs-CS","potentialAction":[{"@type":"ReadAction","target":["https:\/\/nts-industry.com\/machines\/band-saw-blades-bx-tool-bi-metal-and-carbide\/"]}]},{"@type":"BreadcrumbList","@id":"https:\/\/nts-industry.com\/machines\/band-saw-blades-bx-tool-bi-metal-and-carbide\/#breadcrumb","itemListElement":[{"@type":"ListItem","position":1,"name":"Home","item":"https:\/\/nts-industry.com\/"},{"@type":"ListItem","position":2,"name":"Machines","item":"https:\/\/nts-industry.com\/machines\/"},{"@type":"ListItem","position":3,"name":"Band saw blades BX Tool bi-metal and carbide"}]}]}},"_links":{"self":[{"href":"https:\/\/nts-industry.com\/cz\/wp-json\/wp\/v2\/product\/3713"}],"collection":[{"href":"https:\/\/nts-industry.com\/cz\/wp-json\/wp\/v2\/product"}],"about":[{"href":"https:\/\/nts-industry.com\/cz\/wp-json\/wp\/v2\/types\/product"}],"replies":[{"embeddable":true,"href":"https:\/\/nts-industry.com\/cz\/wp-json\/wp\/v2\/comments?post=3713"}],"wp:featuredmedia":[{"embeddable":true,"href":"https:\/\/nts-industry.com\/cz\/wp-json\/wp\/v2\/media\/3714"}],"wp:attachment":[{"href":"https:\/\/nts-industry.com\/cz\/wp-json\/wp\/v2\/media?parent=3713"}],"wp:term":[{"taxonomy":"product_cat","embeddable":true,"href":"https:\/\/nts-industry.com\/cz\/wp-json\/wp\/v2\/product_cat?post=3713"},{"taxonomy":"product_tag","embeddable":true,"href":"https:\/\/nts-industry.com\/cz\/wp-json\/wp\/v2\/product_tag?post=3713"}],"curies":[{"name":"wp","href":"https:\/\/api.w.org\/{rel}","templated":true}]}}