{"id":3100,"date":"2021-01-18T13:54:48","date_gmt":"2021-01-18T13:54:48","guid":{"rendered":"http:\/\/nts-industry.com\/?post_type=product&#038;p=3100"},"modified":"2021-03-09T09:23:57","modified_gmt":"2021-03-09T09:23:57","slug":"laser-amada-fo-m2-3015-nt-4-kw-2014-year","status":"publish","type":"product","link":"https:\/\/nts-industry.com\/cz\/machines\/laser-amada-fo-m2-3015-nt-4-kw-2014-year\/","title":{"rendered":"Amada FO M2 3015 NT laser, 4 kW, 2014 R.V."},"content":{"rendered":"<p>CNC laserov\u00fd \u0159ezac\u00ed stroj Amada FO MII 3015 NT<br \/>\nRok v\u00fdroby 2014.<br \/>\nTechnick\u00e9 parametry:<br \/>\nV\u00fdkon: 4 kW<br \/>\nPracovn\u00fd rozsah: 3070&#215;1550<br \/>\nRozm\u011bry stroje:13000x3000x2220 mm<br \/>\n\u0158ez\u00e1n\u00ed \u010dern\u00e9 oceli do s\u00edly materi\u00e1lu 20mm.<br \/>\n\u0158ez\u00e1n\u00ed nerezov\u00e9 oceli do s\u00edly materi\u00e1lu 15mm.<br \/>\n\u0158ez\u00e1n\u00ed hlin\u00edku do s\u00edly materi\u00e1lu 10mm.<br \/>\nHmotnost stroje:12000 kg<\/p>","protected":false},"excerpt":{"rendered":"<p>CNC laserov\u00fd \u0159ezac\u00ed stroj Amada FO MII 3015 NT Rok v\u00fdroby 2014. Technick\u00e9 parametry: V\u00fdkon: 4 kW Pracovn\u00fd rozsah: 3070&#215;1550 Rozm\u011bry stroje:13000x3000x2220 mm \u0158ez\u00e1n\u00ed \u010dern\u00e9 oceli do s\u00edly materi\u00e1lu 20mm. \u0158ez\u00e1n\u00ed nerezov\u00e9 oceli do s\u00edly materi\u00e1lu 15mm. \u0158ez\u00e1n\u00ed hlin\u00edku do s\u00edly materi\u00e1lu 10mm. Hmotnost stroje:12000&#8230;<\/p>\n","protected":false},"featured_media":3158,"comment_status":"closed","ping_status":"closed","template":"","meta":[],"product_cat":[1633],"product_tag":[],"yoast_head":"<!-- This site is optimized with the Yoast SEO plugin v17.3 - https:\/\/yoast.com\/wordpress\/plugins\/seo\/ -->\n<title>Amada FO M2 3015 NT laser, 4 kW, 2014 R.V. &mdash; New Technical Solutions (NTS)<\/title>\n<meta name=\"description\" content=\"[:cz]Amada FO M2 3015 NT laser, 4 kW, 2014 R.V.[:ru]\u041b\u0430\u0437\u0435\u0440\u043d\u044b\u0439 \u043a\u043e\u043c\u043f\u043b\u0435\u043a\u0441 Amada FO M2 3015 NT, 4 kW, 2014 \u0433\u043e\u0434 \u0432\u044b\u043f\u0443\u0441\u043a\u0430[:en]Amada FO M2 3015 NT, 4 kW laser cutting machine (Year 2014)[:]\" \/>\n<meta name=\"robots\" content=\"index, follow, max-snippet:-1, max-image-preview:large, max-video-preview:-1\" \/>\n<link rel=\"canonical\" href=\"https:\/\/nts-industry.com\/machines\/laser-amada-fo-m2-3015-nt-4-kw-2014-year\/\" \/>\n<meta name=\"twitter:card\" content=\"summary\" \/>\n<meta name=\"twitter:title\" content=\"[:cz]Amada FO M2 3015 NT laser, 4 kW, 2014 R.V.[:ru]\u041b\u0430\u0437\u0435\u0440\u043d\u044b\u0439 \u043a\u043e\u043c\u043f\u043b\u0435\u043a\u0441 Amada FO M2 3015 NT, 4 kW, 2014 \u0433\u043e\u0434 \u0432\u044b\u043f\u0443\u0441\u043a\u0430[:en]Amada FO M2 3015 NT, 4 kW laser cutting machine (Year 2014)[:] &mdash; New Technical Solutions (NTS)\" \/>\n<meta name=\"twitter:description\" content=\"[:cz]Amada FO M2 3015 NT laser, 4 kW, 2014 R.V.[:ru]\u041b\u0430\u0437\u0435\u0440\u043d\u044b\u0439 \u043a\u043e\u043c\u043f\u043b\u0435\u043a\u0441 Amada FO M2 3015 NT, 4 kW, 2014 \u0433\u043e\u0434 \u0432\u044b\u043f\u0443\u0441\u043a\u0430[:en]Amada FO M2 3015 NT, 4 kW laser cutting machine (Year 2014)[:]\" \/>\n<meta name=\"twitter:image\" content=\"https:\/\/nts-industry.com\/wp-content\/uploads\/64862CCE-4D37-4A01-8F21-BD187B12A8A3.jpeg\" \/>\n<meta name=\"twitter:site\" content=\"@ntsindustry\" \/>\n<script type=\"application\/ld+json\" class=\"yoast-schema-graph\">{\"@context\":\"https:\/\/schema.org\",\"@graph\":[{\"@type\":\"Organization\",\"@id\":\"https:\/\/nts-industry.com\/#organization\",\"name\":\"New Technical Solutions (NTS)\",\"url\":\"https:\/\/nts-industry.com\/\",\"sameAs\":[\"https:\/\/www.facebook.com\/ntsindustry\",\"http:\/\/www.youtube.com\/ntsindustry\",\"https:\/\/twitter.com\/ntsindustry\"],\"logo\":{\"@type\":\"ImageObject\",\"@id\":\"https:\/\/nts-industry.com\/#logo\",\"inLanguage\":\"cs-CS\",\"url\":\"https:\/\/nts-industry.com\/wp-content\/uploads\/weblogo-NTS-quad.png\",\"contentUrl\":\"https:\/\/nts-industry.com\/wp-content\/uploads\/weblogo-NTS-quad.png\",\"width\":270,\"height\":124,\"caption\":\"New Technical Solutions (NTS)\"},\"image\":{\"@id\":\"https:\/\/nts-industry.com\/#logo\"}},{\"@type\":\"WebSite\",\"@id\":\"https:\/\/nts-industry.com\/#website\",\"url\":\"https:\/\/nts-industry.com\/\",\"name\":\"New Technical Solutions (NTS)\",\"description\":\"\",\"publisher\":{\"@id\":\"https:\/\/nts-industry.com\/#organization\"},\"potentialAction\":[{\"@type\":\"SearchAction\",\"target\":{\"@type\":\"EntryPoint\",\"urlTemplate\":\"https:\/\/nts-industry.com\/?s={search_term_string}\"},\"query-input\":\"required name=search_term_string\"}],\"inLanguage\":\"cs-CS\"},{\"@type\":\"ImageObject\",\"@id\":\"https:\/\/nts-industry.com\/machines\/laser-amada-fo-m2-3015-nt-4-kw-2014-year\/#primaryimage\",\"inLanguage\":\"cs-CS\",\"url\":\"https:\/\/nts-industry.com\/wp-content\/uploads\/64862CCE-4D37-4A01-8F21-BD187B12A8A3.jpeg\",\"contentUrl\":\"https:\/\/nts-industry.com\/wp-content\/uploads\/64862CCE-4D37-4A01-8F21-BD187B12A8A3.jpeg\",\"width\":1000,\"height\":748},{\"@type\":\"WebPage\",\"@id\":\"https:\/\/nts-industry.com\/machines\/laser-amada-fo-m2-3015-nt-4-kw-2014-year\/#webpage\",\"url\":\"https:\/\/nts-industry.com\/machines\/laser-amada-fo-m2-3015-nt-4-kw-2014-year\/\",\"name\":\"[:cz]Amada FO M2 3015 NT laser, 4 kW, 2014 R.V.[:ru]\\u041b\\u0430\\u0437\\u0435\\u0440\\u043d\\u044b\\u0439 \\u043a\\u043e\\u043c\\u043f\\u043b\\u0435\\u043a\\u0441 Amada FO M2 3015 NT, 4 kW, 2014 \\u0433\\u043e\\u0434 \\u0432\\u044b\\u043f\\u0443\\u0441\\u043a\\u0430[:en]Amada FO M2 3015 NT, 4 kW laser cutting machine (Year 2014)[:] &mdash; New Technical Solutions (NTS)\",\"isPartOf\":{\"@id\":\"https:\/\/nts-industry.com\/#website\"},\"primaryImageOfPage\":{\"@id\":\"https:\/\/nts-industry.com\/machines\/laser-amada-fo-m2-3015-nt-4-kw-2014-year\/#primaryimage\"},\"datePublished\":\"2021-01-18T13:54:48+00:00\",\"dateModified\":\"2021-03-09T09:23:57+00:00\",\"description\":\"[:cz]Amada FO M2 3015 NT laser, 4 kW, 2014 R.V.[:ru]\\u041b\\u0430\\u0437\\u0435\\u0440\\u043d\\u044b\\u0439 \\u043a\\u043e\\u043c\\u043f\\u043b\\u0435\\u043a\\u0441 Amada FO M2 3015 NT, 4 kW, 2014 \\u0433\\u043e\\u0434 \\u0432\\u044b\\u043f\\u0443\\u0441\\u043a\\u0430[:en]Amada FO M2 3015 NT, 4 kW laser cutting machine (Year 2014)[:]\",\"breadcrumb\":{\"@id\":\"https:\/\/nts-industry.com\/machines\/laser-amada-fo-m2-3015-nt-4-kw-2014-year\/#breadcrumb\"},\"inLanguage\":\"cs-CS\",\"potentialAction\":[{\"@type\":\"ReadAction\",\"target\":[\"https:\/\/nts-industry.com\/machines\/laser-amada-fo-m2-3015-nt-4-kw-2014-year\/\"]}]},{\"@type\":\"BreadcrumbList\",\"@id\":\"https:\/\/nts-industry.com\/machines\/laser-amada-fo-m2-3015-nt-4-kw-2014-year\/#breadcrumb\",\"itemListElement\":[{\"@type\":\"ListItem\",\"position\":1,\"name\":\"Home\",\"item\":\"https:\/\/nts-industry.com\/\"},{\"@type\":\"ListItem\",\"position\":2,\"name\":\"Machines\",\"item\":\"https:\/\/nts-industry.com\/machines\/\"},{\"@type\":\"ListItem\",\"position\":3,\"name\":\"\\u041b\\u0430\\u0437\\u0435\\u0440\\u043d\\u044b\\u0439 \\u043a\\u043e\\u043c\\u043f\\u043b\\u0435\\u043a\\u0441 Amada FO M2 3015 NT, 4 kW, 2014 \\u0433\\u043e\\u0434 \\u0432\\u044b\\u043f\\u0443\\u0441\\u043a\\u0430\"}]}]}<\/script>\n<!-- \/ Yoast SEO plugin. -->","yoast_head_json":{"title":"[:cz]Amada FO M2 3015 NT laser, 4 kW, 2014 R.V.[:ru]\u041b\u0430\u0437\u0435\u0440\u043d\u044b\u0439 \u043a\u043e\u043c\u043f\u043b\u0435\u043a\u0441 Amada FO M2 3015 NT, 4 kW, 2014 \u0433\u043e\u0434 \u0432\u044b\u043f\u0443\u0441\u043a\u0430[:en]Amada FO M2 3015 NT, 4 kW laser cutting machine (Year 2014)[:] &mdash; New Technical Solutions (NTS)","description":"[:cz]Amada FO M2 3015 NT laser, 4 kW, 2014 R.V.[:ru]\u041b\u0430\u0437\u0435\u0440\u043d\u044b\u0439 \u043a\u043e\u043c\u043f\u043b\u0435\u043a\u0441 Amada FO M2 3015 NT, 4 kW, 2014 \u0433\u043e\u0434 \u0432\u044b\u043f\u0443\u0441\u043a\u0430[:en]Amada FO M2 3015 NT, 4 kW laser cutting machine (Year 2014)[:]","robots":{"index":"index","follow":"follow","max-snippet":"max-snippet:-1","max-image-preview":"max-image-preview:large","max-video-preview":"max-video-preview:-1"},"canonical":"https:\/\/nts-industry.com\/machines\/laser-amada-fo-m2-3015-nt-4-kw-2014-year\/","twitter_card":"summary","twitter_title":"[:cz]Amada FO M2 3015 NT laser, 4 kW, 2014 R.V.[:ru]\u041b\u0430\u0437\u0435\u0440\u043d\u044b\u0439 \u043a\u043e\u043c\u043f\u043b\u0435\u043a\u0441 Amada FO M2 3015 NT, 4 kW, 2014 \u0433\u043e\u0434 \u0432\u044b\u043f\u0443\u0441\u043a\u0430[:en]Amada FO M2 3015 NT, 4 kW laser cutting machine (Year 2014)[:] &mdash; New Technical Solutions (NTS)","twitter_description":"[:cz]Amada FO M2 3015 NT laser, 4 kW, 2014 R.V.[:ru]\u041b\u0430\u0437\u0435\u0440\u043d\u044b\u0439 \u043a\u043e\u043c\u043f\u043b\u0435\u043a\u0441 Amada FO M2 3015 NT, 4 kW, 2014 \u0433\u043e\u0434 \u0432\u044b\u043f\u0443\u0441\u043a\u0430[:en]Amada FO M2 3015 NT, 4 kW laser cutting machine (Year 2014)[:]","twitter_image":"https:\/\/nts-industry.com\/wp-content\/uploads\/64862CCE-4D37-4A01-8F21-BD187B12A8A3.jpeg","twitter_site":"@ntsindustry","schema":{"@context":"https:\/\/schema.org","@graph":[{"@type":"Organization","@id":"https:\/\/nts-industry.com\/#organization","name":"New Technical Solutions (NTS)","url":"https:\/\/nts-industry.com\/","sameAs":["https:\/\/www.facebook.com\/ntsindustry","http:\/\/www.youtube.com\/ntsindustry","https:\/\/twitter.com\/ntsindustry"],"logo":{"@type":"ImageObject","@id":"https:\/\/nts-industry.com\/#logo","inLanguage":"cs-CS","url":"https:\/\/nts-industry.com\/wp-content\/uploads\/weblogo-NTS-quad.png","contentUrl":"https:\/\/nts-industry.com\/wp-content\/uploads\/weblogo-NTS-quad.png","width":270,"height":124,"caption":"New Technical Solutions (NTS)"},"image":{"@id":"https:\/\/nts-industry.com\/#logo"}},{"@type":"WebSite","@id":"https:\/\/nts-industry.com\/#website","url":"https:\/\/nts-industry.com\/","name":"New Technical Solutions (NTS)","description":"","publisher":{"@id":"https:\/\/nts-industry.com\/#organization"},"potentialAction":[{"@type":"SearchAction","target":{"@type":"EntryPoint","urlTemplate":"https:\/\/nts-industry.com\/?s={search_term_string}"},"query-input":"required name=search_term_string"}],"inLanguage":"cs-CS"},{"@type":"ImageObject","@id":"https:\/\/nts-industry.com\/machines\/laser-amada-fo-m2-3015-nt-4-kw-2014-year\/#primaryimage","inLanguage":"cs-CS","url":"https:\/\/nts-industry.com\/wp-content\/uploads\/64862CCE-4D37-4A01-8F21-BD187B12A8A3.jpeg","contentUrl":"https:\/\/nts-industry.com\/wp-content\/uploads\/64862CCE-4D37-4A01-8F21-BD187B12A8A3.jpeg","width":1000,"height":748},{"@type":"WebPage","@id":"https:\/\/nts-industry.com\/machines\/laser-amada-fo-m2-3015-nt-4-kw-2014-year\/#webpage","url":"https:\/\/nts-industry.com\/machines\/laser-amada-fo-m2-3015-nt-4-kw-2014-year\/","name":"[:cz]Amada FO M2 3015 NT laser, 4 kW, 2014 R.V.[:ru]\u041b\u0430\u0437\u0435\u0440\u043d\u044b\u0439 \u043a\u043e\u043c\u043f\u043b\u0435\u043a\u0441 Amada FO M2 3015 NT, 4 kW, 2014 \u0433\u043e\u0434 \u0432\u044b\u043f\u0443\u0441\u043a\u0430[:en]Amada FO M2 3015 NT, 4 kW laser cutting machine (Year 2014)[:] &mdash; New Technical Solutions (NTS)","isPartOf":{"@id":"https:\/\/nts-industry.com\/#website"},"primaryImageOfPage":{"@id":"https:\/\/nts-industry.com\/machines\/laser-amada-fo-m2-3015-nt-4-kw-2014-year\/#primaryimage"},"datePublished":"2021-01-18T13:54:48+00:00","dateModified":"2021-03-09T09:23:57+00:00","description":"[:cz]Amada FO M2 3015 NT laser, 4 kW, 2014 R.V.[:ru]\u041b\u0430\u0437\u0435\u0440\u043d\u044b\u0439 \u043a\u043e\u043c\u043f\u043b\u0435\u043a\u0441 Amada FO M2 3015 NT, 4 kW, 2014 \u0433\u043e\u0434 \u0432\u044b\u043f\u0443\u0441\u043a\u0430[:en]Amada FO M2 3015 NT, 4 kW laser cutting machine (Year 2014)[:]","breadcrumb":{"@id":"https:\/\/nts-industry.com\/machines\/laser-amada-fo-m2-3015-nt-4-kw-2014-year\/#breadcrumb"},"inLanguage":"cs-CS","potentialAction":[{"@type":"ReadAction","target":["https:\/\/nts-industry.com\/machines\/laser-amada-fo-m2-3015-nt-4-kw-2014-year\/"]}]},{"@type":"BreadcrumbList","@id":"https:\/\/nts-industry.com\/machines\/laser-amada-fo-m2-3015-nt-4-kw-2014-year\/#breadcrumb","itemListElement":[{"@type":"ListItem","position":1,"name":"Home","item":"https:\/\/nts-industry.com\/"},{"@type":"ListItem","position":2,"name":"Machines","item":"https:\/\/nts-industry.com\/machines\/"},{"@type":"ListItem","position":3,"name":"\u041b\u0430\u0437\u0435\u0440\u043d\u044b\u0439 \u043a\u043e\u043c\u043f\u043b\u0435\u043a\u0441 Amada FO M2 3015 NT, 4 kW, 2014 \u0433\u043e\u0434 \u0432\u044b\u043f\u0443\u0441\u043a\u0430"}]}]}},"_links":{"self":[{"href":"https:\/\/nts-industry.com\/cz\/wp-json\/wp\/v2\/product\/3100"}],"collection":[{"href":"https:\/\/nts-industry.com\/cz\/wp-json\/wp\/v2\/product"}],"about":[{"href":"https:\/\/nts-industry.com\/cz\/wp-json\/wp\/v2\/types\/product"}],"replies":[{"embeddable":true,"href":"https:\/\/nts-industry.com\/cz\/wp-json\/wp\/v2\/comments?post=3100"}],"wp:featuredmedia":[{"embeddable":true,"href":"https:\/\/nts-industry.com\/cz\/wp-json\/wp\/v2\/media\/3158"}],"wp:attachment":[{"href":"https:\/\/nts-industry.com\/cz\/wp-json\/wp\/v2\/media?parent=3100"}],"wp:term":[{"taxonomy":"product_cat","embeddable":true,"href":"https:\/\/nts-industry.com\/cz\/wp-json\/wp\/v2\/product_cat?post=3100"},{"taxonomy":"product_tag","embeddable":true,"href":"https:\/\/nts-industry.com\/cz\/wp-json\/wp\/v2\/product_tag?post=3100"}],"curies":[{"name":"wp","href":"https:\/\/api.w.org\/{rel}","templated":true}]}}