{"id":2964,"date":"2019-06-28T06:19:54","date_gmt":"2019-06-28T06:19:54","guid":{"rendered":"http:\/\/nts-industry.com\/?post_type=product&#038;p=2964"},"modified":"2020-02-10T07:20:26","modified_gmt":"2020-02-10T07:20:26","slug":"cnc-press-brake-amada-hfb-8025","status":"publish","type":"product","link":"https:\/\/nts-industry.com\/cz\/machines\/cnc-press-brake-amada-hfb-8025\/","title":{"rendered":"Ohra\u0148ovac\u00ed lis Amada HFB 8025, 1997"},"content":{"rendered":"<p>Typ: Amada HFB 8025,ohra\u0148ovac\u00ed lis, 8 os.<br \/>\nRok v\u00fdroby: 1997<br \/>\nParametry stroje:<br \/>\nJmenovit\u00e1 tv\u00e1\u0159ec\u00ed s\u00edla:80 t<br \/>\nRozm\u011bry stolu: 2500 mm<br \/>\n\u0158\u00eddic\u00ed syst\u00e9m: Operateur<br \/>\nHmotnost: 5750kg<br \/>\nRozm\u011bry: 3100x2185x2485 mm<\/p>","protected":false},"excerpt":{"rendered":"<p>Typ: Amada HFB 8025,ohra\u0148ovac\u00ed lis, 8 os. Rok v\u00fdroby: 1997 Parametry stroje: Jmenovit\u00e1 tv\u00e1\u0159ec\u00ed s\u00edla:80 t Rozm\u011bry stolu: 2500 mm \u0158\u00eddic\u00ed syst\u00e9m: Operateur Hmotnost: 5750kg Rozm\u011bry: 3100x2185x2485 mm<\/p>\n","protected":false},"featured_media":3009,"comment_status":"closed","ping_status":"closed","template":"","meta":[],"product_cat":[1633],"product_tag":[],"yoast_head":"<!-- This site is optimized with the Yoast SEO plugin v17.3 - https:\/\/yoast.com\/wordpress\/plugins\/seo\/ -->\n<title>Ohra\u0148ovac\u00ed lis Amada HFB 8025, 1997 &mdash; New Technical Solutions (NTS)<\/title>\n<meta name=\"description\" content=\"[:cz]Ohra\u0148ovac\u00ed lis Amada HFB 8025, 1997[:ru]\u041b\u0438\u0441\u0442\u043e\u0433\u0438\u0431\u043e\u0447\u043d\u044b\u0439 \u043f\u0440\u0435\u0441\u0441 Amada HFB 8025, 1997[:en]CNC press brake Amada HFB 8025, 1997[:]\" \/>\n<meta name=\"robots\" content=\"index, follow, max-snippet:-1, max-image-preview:large, max-video-preview:-1\" \/>\n<link rel=\"canonical\" href=\"https:\/\/nts-industry.com\/machines\/cnc-press-brake-amada-hfb-8025\/\" \/>\n<meta name=\"twitter:card\" content=\"summary\" \/>\n<meta name=\"twitter:title\" content=\"[:cz]Ohra\u0148ovac\u00ed lis Amada HFB 8025, 1997[:ru]\u041b\u0438\u0441\u0442\u043e\u0433\u0438\u0431\u043e\u0447\u043d\u044b\u0439 \u043f\u0440\u0435\u0441\u0441 Amada HFB 8025, 1997[:en]CNC press brake Amada HFB 8025, 1997[:] &mdash; New Technical Solutions (NTS)\" \/>\n<meta name=\"twitter:description\" content=\"[:cz]Ohra\u0148ovac\u00ed lis Amada HFB 8025, 1997[:ru]\u041b\u0438\u0441\u0442\u043e\u0433\u0438\u0431\u043e\u0447\u043d\u044b\u0439 \u043f\u0440\u0435\u0441\u0441 Amada HFB 8025, 1997[:en]CNC press brake Amada HFB 8025, 1997[:]\" \/>\n<meta name=\"twitter:image\" content=\"https:\/\/nts-industry.com\/wp-content\/uploads\/Amada-HFBO-8025-CNC-press-brake-1.jpg\" \/>\n<meta name=\"twitter:site\" content=\"@ntsindustry\" \/>\n<script type=\"application\/ld+json\" class=\"yoast-schema-graph\">{\"@context\":\"https:\/\/schema.org\",\"@graph\":[{\"@type\":\"Organization\",\"@id\":\"https:\/\/nts-industry.com\/#organization\",\"name\":\"New Technical Solutions (NTS)\",\"url\":\"https:\/\/nts-industry.com\/\",\"sameAs\":[\"https:\/\/www.facebook.com\/ntsindustry\",\"http:\/\/www.youtube.com\/ntsindustry\",\"https:\/\/twitter.com\/ntsindustry\"],\"logo\":{\"@type\":\"ImageObject\",\"@id\":\"https:\/\/nts-industry.com\/#logo\",\"inLanguage\":\"cs-CS\",\"url\":\"https:\/\/nts-industry.com\/wp-content\/uploads\/weblogo-NTS-quad.png\",\"contentUrl\":\"https:\/\/nts-industry.com\/wp-content\/uploads\/weblogo-NTS-quad.png\",\"width\":270,\"height\":124,\"caption\":\"New Technical Solutions (NTS)\"},\"image\":{\"@id\":\"https:\/\/nts-industry.com\/#logo\"}},{\"@type\":\"WebSite\",\"@id\":\"https:\/\/nts-industry.com\/#website\",\"url\":\"https:\/\/nts-industry.com\/\",\"name\":\"New Technical Solutions (NTS)\",\"description\":\"\",\"publisher\":{\"@id\":\"https:\/\/nts-industry.com\/#organization\"},\"potentialAction\":[{\"@type\":\"SearchAction\",\"target\":{\"@type\":\"EntryPoint\",\"urlTemplate\":\"https:\/\/nts-industry.com\/?s={search_term_string}\"},\"query-input\":\"required name=search_term_string\"}],\"inLanguage\":\"cs-CS\"},{\"@type\":\"ImageObject\",\"@id\":\"https:\/\/nts-industry.com\/machines\/cnc-press-brake-amada-hfb-8025\/#primaryimage\",\"inLanguage\":\"cs-CS\",\"url\":\"https:\/\/nts-industry.com\/wp-content\/uploads\/Amada-HFBO-8025-CNC-press-brake-1.jpg\",\"contentUrl\":\"https:\/\/nts-industry.com\/wp-content\/uploads\/Amada-HFBO-8025-CNC-press-brake-1.jpg\",\"width\":2500,\"height\":1875,\"caption\":\"Amada HFBO 8025 CNC press brake\"},{\"@type\":\"WebPage\",\"@id\":\"https:\/\/nts-industry.com\/machines\/cnc-press-brake-amada-hfb-8025\/#webpage\",\"url\":\"https:\/\/nts-industry.com\/machines\/cnc-press-brake-amada-hfb-8025\/\",\"name\":\"[:cz]Ohra\\u0148ovac\\u00ed lis Amada HFB 8025, 1997[:ru]\\u041b\\u0438\\u0441\\u0442\\u043e\\u0433\\u0438\\u0431\\u043e\\u0447\\u043d\\u044b\\u0439 \\u043f\\u0440\\u0435\\u0441\\u0441 Amada HFB 8025, 1997[:en]CNC press brake Amada HFB 8025, 1997[:] &mdash; New Technical Solutions (NTS)\",\"isPartOf\":{\"@id\":\"https:\/\/nts-industry.com\/#website\"},\"primaryImageOfPage\":{\"@id\":\"https:\/\/nts-industry.com\/machines\/cnc-press-brake-amada-hfb-8025\/#primaryimage\"},\"datePublished\":\"2019-06-28T06:19:54+00:00\",\"dateModified\":\"2020-02-10T07:20:26+00:00\",\"description\":\"[:cz]Ohra\\u0148ovac\\u00ed lis Amada HFB 8025, 1997[:ru]\\u041b\\u0438\\u0441\\u0442\\u043e\\u0433\\u0438\\u0431\\u043e\\u0447\\u043d\\u044b\\u0439 \\u043f\\u0440\\u0435\\u0441\\u0441 Amada HFB 8025, 1997[:en]CNC press brake Amada HFB 8025, 1997[:]\",\"breadcrumb\":{\"@id\":\"https:\/\/nts-industry.com\/machines\/cnc-press-brake-amada-hfb-8025\/#breadcrumb\"},\"inLanguage\":\"cs-CS\",\"potentialAction\":[{\"@type\":\"ReadAction\",\"target\":[\"https:\/\/nts-industry.com\/machines\/cnc-press-brake-amada-hfb-8025\/\"]}]},{\"@type\":\"BreadcrumbList\",\"@id\":\"https:\/\/nts-industry.com\/machines\/cnc-press-brake-amada-hfb-8025\/#breadcrumb\",\"itemListElement\":[{\"@type\":\"ListItem\",\"position\":1,\"name\":\"Home\",\"item\":\"https:\/\/nts-industry.com\/\"},{\"@type\":\"ListItem\",\"position\":2,\"name\":\"Machines\",\"item\":\"https:\/\/nts-industry.com\/machines\/\"},{\"@type\":\"ListItem\",\"position\":3,\"name\":\"\\u041b\\u0438\\u0441\\u0442\\u043e\\u0433\\u0438\\u0431\\u043e\\u0447\\u043d\\u044b\\u0439 \\u043f\\u0440\\u0435\\u0441\\u0441 Amada HFB 8025, 1997\"}]}]}<\/script>\n<!-- \/ Yoast SEO plugin. -->","yoast_head_json":{"title":"[:cz]Ohra\u0148ovac\u00ed lis Amada HFB 8025, 1997[:ru]\u041b\u0438\u0441\u0442\u043e\u0433\u0438\u0431\u043e\u0447\u043d\u044b\u0439 \u043f\u0440\u0435\u0441\u0441 Amada HFB 8025, 1997[:en]CNC press brake Amada HFB 8025, 1997[:] &mdash; New Technical Solutions (NTS)","description":"[:cz]Ohra\u0148ovac\u00ed lis Amada HFB 8025, 1997[:ru]\u041b\u0438\u0441\u0442\u043e\u0433\u0438\u0431\u043e\u0447\u043d\u044b\u0439 \u043f\u0440\u0435\u0441\u0441 Amada HFB 8025, 1997[:en]CNC press brake Amada HFB 8025, 1997[:]","robots":{"index":"index","follow":"follow","max-snippet":"max-snippet:-1","max-image-preview":"max-image-preview:large","max-video-preview":"max-video-preview:-1"},"canonical":"https:\/\/nts-industry.com\/machines\/cnc-press-brake-amada-hfb-8025\/","twitter_card":"summary","twitter_title":"[:cz]Ohra\u0148ovac\u00ed lis Amada HFB 8025, 1997[:ru]\u041b\u0438\u0441\u0442\u043e\u0433\u0438\u0431\u043e\u0447\u043d\u044b\u0439 \u043f\u0440\u0435\u0441\u0441 Amada HFB 8025, 1997[:en]CNC press brake Amada HFB 8025, 1997[:] &mdash; New Technical Solutions (NTS)","twitter_description":"[:cz]Ohra\u0148ovac\u00ed lis Amada HFB 8025, 1997[:ru]\u041b\u0438\u0441\u0442\u043e\u0433\u0438\u0431\u043e\u0447\u043d\u044b\u0439 \u043f\u0440\u0435\u0441\u0441 Amada HFB 8025, 1997[:en]CNC press brake Amada HFB 8025, 1997[:]","twitter_image":"https:\/\/nts-industry.com\/wp-content\/uploads\/Amada-HFBO-8025-CNC-press-brake-1.jpg","twitter_site":"@ntsindustry","schema":{"@context":"https:\/\/schema.org","@graph":[{"@type":"Organization","@id":"https:\/\/nts-industry.com\/#organization","name":"New Technical Solutions (NTS)","url":"https:\/\/nts-industry.com\/","sameAs":["https:\/\/www.facebook.com\/ntsindustry","http:\/\/www.youtube.com\/ntsindustry","https:\/\/twitter.com\/ntsindustry"],"logo":{"@type":"ImageObject","@id":"https:\/\/nts-industry.com\/#logo","inLanguage":"cs-CS","url":"https:\/\/nts-industry.com\/wp-content\/uploads\/weblogo-NTS-quad.png","contentUrl":"https:\/\/nts-industry.com\/wp-content\/uploads\/weblogo-NTS-quad.png","width":270,"height":124,"caption":"New Technical Solutions (NTS)"},"image":{"@id":"https:\/\/nts-industry.com\/#logo"}},{"@type":"WebSite","@id":"https:\/\/nts-industry.com\/#website","url":"https:\/\/nts-industry.com\/","name":"New Technical Solutions (NTS)","description":"","publisher":{"@id":"https:\/\/nts-industry.com\/#organization"},"potentialAction":[{"@type":"SearchAction","target":{"@type":"EntryPoint","urlTemplate":"https:\/\/nts-industry.com\/?s={search_term_string}"},"query-input":"required name=search_term_string"}],"inLanguage":"cs-CS"},{"@type":"ImageObject","@id":"https:\/\/nts-industry.com\/machines\/cnc-press-brake-amada-hfb-8025\/#primaryimage","inLanguage":"cs-CS","url":"https:\/\/nts-industry.com\/wp-content\/uploads\/Amada-HFBO-8025-CNC-press-brake-1.jpg","contentUrl":"https:\/\/nts-industry.com\/wp-content\/uploads\/Amada-HFBO-8025-CNC-press-brake-1.jpg","width":2500,"height":1875,"caption":"Amada HFBO 8025 CNC press brake"},{"@type":"WebPage","@id":"https:\/\/nts-industry.com\/machines\/cnc-press-brake-amada-hfb-8025\/#webpage","url":"https:\/\/nts-industry.com\/machines\/cnc-press-brake-amada-hfb-8025\/","name":"[:cz]Ohra\u0148ovac\u00ed lis Amada HFB 8025, 1997[:ru]\u041b\u0438\u0441\u0442\u043e\u0433\u0438\u0431\u043e\u0447\u043d\u044b\u0439 \u043f\u0440\u0435\u0441\u0441 Amada HFB 8025, 1997[:en]CNC press brake Amada HFB 8025, 1997[:] &mdash; New Technical Solutions (NTS)","isPartOf":{"@id":"https:\/\/nts-industry.com\/#website"},"primaryImageOfPage":{"@id":"https:\/\/nts-industry.com\/machines\/cnc-press-brake-amada-hfb-8025\/#primaryimage"},"datePublished":"2019-06-28T06:19:54+00:00","dateModified":"2020-02-10T07:20:26+00:00","description":"[:cz]Ohra\u0148ovac\u00ed lis Amada HFB 8025, 1997[:ru]\u041b\u0438\u0441\u0442\u043e\u0433\u0438\u0431\u043e\u0447\u043d\u044b\u0439 \u043f\u0440\u0435\u0441\u0441 Amada HFB 8025, 1997[:en]CNC press brake Amada HFB 8025, 1997[:]","breadcrumb":{"@id":"https:\/\/nts-industry.com\/machines\/cnc-press-brake-amada-hfb-8025\/#breadcrumb"},"inLanguage":"cs-CS","potentialAction":[{"@type":"ReadAction","target":["https:\/\/nts-industry.com\/machines\/cnc-press-brake-amada-hfb-8025\/"]}]},{"@type":"BreadcrumbList","@id":"https:\/\/nts-industry.com\/machines\/cnc-press-brake-amada-hfb-8025\/#breadcrumb","itemListElement":[{"@type":"ListItem","position":1,"name":"Home","item":"https:\/\/nts-industry.com\/"},{"@type":"ListItem","position":2,"name":"Machines","item":"https:\/\/nts-industry.com\/machines\/"},{"@type":"ListItem","position":3,"name":"\u041b\u0438\u0441\u0442\u043e\u0433\u0438\u0431\u043e\u0447\u043d\u044b\u0439 \u043f\u0440\u0435\u0441\u0441 Amada HFB 8025, 1997"}]}]}},"_links":{"self":[{"href":"https:\/\/nts-industry.com\/cz\/wp-json\/wp\/v2\/product\/2964"}],"collection":[{"href":"https:\/\/nts-industry.com\/cz\/wp-json\/wp\/v2\/product"}],"about":[{"href":"https:\/\/nts-industry.com\/cz\/wp-json\/wp\/v2\/types\/product"}],"replies":[{"embeddable":true,"href":"https:\/\/nts-industry.com\/cz\/wp-json\/wp\/v2\/comments?post=2964"}],"wp:featuredmedia":[{"embeddable":true,"href":"https:\/\/nts-industry.com\/cz\/wp-json\/wp\/v2\/media\/3009"}],"wp:attachment":[{"href":"https:\/\/nts-industry.com\/cz\/wp-json\/wp\/v2\/media?parent=2964"}],"wp:term":[{"taxonomy":"product_cat","embeddable":true,"href":"https:\/\/nts-industry.com\/cz\/wp-json\/wp\/v2\/product_cat?post=2964"},{"taxonomy":"product_tag","embeddable":true,"href":"https:\/\/nts-industry.com\/cz\/wp-json\/wp\/v2\/product_tag?post=2964"}],"curies":[{"name":"wp","href":"https:\/\/api.w.org\/{rel}","templated":true}]}}